{"id":1167,"date":"2024-05-28T02:31:06","date_gmt":"2024-05-28T02:31:06","guid":{"rendered":"https:\/\/boldness.com.pt\/lindosol\/fr\/?page_id=1167"},"modified":"2024-11-19T02:46:06","modified_gmt":"2024-11-19T02:46:06","slug":"stores-et-volets","status":"publish","type":"page","link":"https:\/\/lindosol.com\/fr\/stores-et-volets\/","title":{"rendered":"STORES &#038; VOLETS"},"content":{"rendered":"\t\t<div data-elementor-type=\"wp-page\" data-elementor-id=\"1167\" class=\"elementor elementor-1167\" data-elementor-settings=\"{&quot;ha_cmc_init_switcher&quot;:&quot;no&quot;}\">\n\t\t\t\t<div class=\"has_eae_slider elementor-element elementor-element-406bf9f e-flex e-con-boxed wpr-particle-no wpr-jarallax-no wpr-parallax-no wpr-sticky-section-no e-con e-parent\" data-id=\"406bf9f\" data-element_type=\"container\" data-settings=\"{&quot;background_background&quot;:&quot;classic&quot;,&quot;_ha_eqh_enable&quot;:false}\">\n\t\t\t\t\t<div class=\"e-con-inner\">\n\t\t\t\t<div class=\"elementor-element elementor-element-55c9d09 elementor-widget elementor-widget-heading\" data-id=\"55c9d09\" data-element_type=\"widget\" data-widget_type=\"heading.default\">\n\t\t\t\t<div class=\"elementor-widget-container\">\n\t\t\t<h2 class=\"elementor-heading-title elementor-size-default\">STORES &amp; VOLETS<\/h2>\t\t<\/div>\n\t\t\t\t<\/div>\n\t\t\t\t\t<\/div>\n\t\t\t\t<\/div>\n\t\t<div class=\"has_eae_slider elementor-element elementor-element-725a0c8 e-flex e-con-boxed wpr-particle-no wpr-jarallax-no wpr-parallax-no wpr-sticky-section-no e-con e-parent\" data-id=\"725a0c8\" data-element_type=\"container\" data-settings=\"{&quot;_ha_eqh_enable&quot;:false}\">\n\t\t\t\t\t<div class=\"e-con-inner\">\n\t\t\t\t<div class=\"elementor-element elementor-element-a92d6f3 elementor-widget__width-initial elementor-widget elementor-widget-text-editor\" data-id=\"a92d6f3\" data-element_type=\"widget\" data-widget_type=\"text-editor.default\">\n\t\t\t\t<div class=\"elementor-widget-container\">\n\t\t\t\t\t\t\t<p>Les stores et volets sont une composante esth\u00e9tique importante de tout b\u00e2timent et, selon le mod\u00e8le, peuvent remplir diverses fonctions ou objectifs.<\/p><p>Lindo Sol propose \u00e0 ses clients une large gamme de stores et volets pour r\u00e9pondre \u00e0 tous les besoins. Nous installons plusieurs produits: des stores int\u00e9rieurs, des stores tournants, des stores enrouleurs, qui peuvent \u00eatre \u00e9lectriques ou manuels, ainsi que des moustiquaires. En g\u00e9n\u00e9ral, la plupart des stores et volets assurent l&#8217;intimit\u00e9 \u00e0 l&#8217;int\u00e9rieur des b\u00e2timents et permettent de contr\u00f4ler le degr\u00e9 de luminosit\u00e9 entrant dans un espace.<\/p>\t\t\t\t\t\t<\/div>\n\t\t\t\t<\/div>\n\t\t\t\t\t<\/div>\n\t\t\t\t<\/div>\n\t\t\t\t<\/div>\n\t\t","protected":false},"excerpt":{"rendered":"<p>STORES &amp; VOLETS Les stores et volets sont une composante esth\u00e9tique importante de tout b\u00e2timent et, selon le mod\u00e8le, peuvent remplir diverses fonctions ou objectifs. Lindo Sol propose \u00e0 ses clients une large gamme de stores et volets pour r\u00e9pondre \u00e0 tous les besoins. Nous installons plusieurs produits: des stores int\u00e9rieurs, des stores tournants, des stores enrouleurs, qui peuvent \u00eatre \u00e9lectriques ou manuels, ainsi que des moustiquaires. En g\u00e9n\u00e9ral, la plupart des stores et volets assurent l&#8217;intimit\u00e9 \u00e0 l&#8217;int\u00e9rieur des b\u00e2timents et permettent de contr\u00f4ler le degr\u00e9 de luminosit\u00e9 entrant dans un espace.<\/p>\n","protected":false},"author":1,"featured_media":0,"parent":0,"menu_order":0,"comment_status":"closed","ping_status":"closed","template":"elementor_header_footer","meta":{"footnotes":""},"class_list":["post-1167","page","type-page","status-publish","hentry"],"yoast_head":"<!-- This site is optimized with the Yoast SEO plugin v24.0 - https:\/\/yoast.com\/wordpress\/plugins\/seo\/ -->\n<title>Stores et Volets - Lindo Sol<\/title>\n<meta name=\"description\" content=\"Estores &amp; Alum\u00ednios Lindo Sol est une entreprise de Penafiel, Portugal qui installe des Stores et Volets.\" \/>\n<meta name=\"robots\" content=\"index, follow, max-snippet:-1, max-image-preview:large, max-video-preview:-1\" \/>\n<link rel=\"canonical\" href=\"https:\/\/lindosol.com\/fr\/stores-et-volets\/\" \/>\n<meta property=\"og:locale\" content=\"pt_PT\" \/>\n<meta property=\"og:type\" content=\"article\" \/>\n<meta property=\"og:title\" content=\"Stores et Volets - Lindo Sol\" \/>\n<meta property=\"og:description\" content=\"Estores &amp; Alum\u00ednios Lindo Sol est une entreprise de Penafiel, Portugal qui installe des Stores et Volets.\" \/>\n<meta property=\"og:url\" content=\"https:\/\/lindosol.com\/fr\/stores-et-volets\/\" \/>\n<meta property=\"og:site_name\" content=\"Lindo Sol\" \/>\n<meta property=\"article:modified_time\" content=\"2024-11-19T02:46:06+00:00\" \/>\n<meta name=\"twitter:card\" content=\"summary_large_image\" \/>\n<meta name=\"twitter:label1\" content=\"Tempo estimado de leitura\" \/>\n\t<meta name=\"twitter:data1\" content=\"1 minuto\" \/>\n<script type=\"application\/ld+json\" class=\"yoast-schema-graph\">{\"@context\":\"https:\/\/schema.org\",\"@graph\":[{\"@type\":\"WebPage\",\"@id\":\"https:\/\/lindosol.com\/fr\/stores-et-volets\/\",\"url\":\"https:\/\/lindosol.com\/fr\/stores-et-volets\/\",\"name\":\"Stores et Volets - Lindo Sol\",\"isPartOf\":{\"@id\":\"https:\/\/lindosol.com\/fr\/#website\"},\"datePublished\":\"2024-05-28T02:31:06+00:00\",\"dateModified\":\"2024-11-19T02:46:06+00:00\",\"description\":\"Estores & Alum\u00ednios Lindo Sol est une entreprise de Penafiel, Portugal qui installe des Stores et Volets.\",\"breadcrumb\":{\"@id\":\"https:\/\/lindosol.com\/fr\/stores-et-volets\/#breadcrumb\"},\"inLanguage\":\"pt-PT\",\"potentialAction\":[{\"@type\":\"ReadAction\",\"target\":[\"https:\/\/lindosol.com\/fr\/stores-et-volets\/\"]}]},{\"@type\":\"BreadcrumbList\",\"@id\":\"https:\/\/lindosol.com\/fr\/stores-et-volets\/#breadcrumb\",\"itemListElement\":[{\"@type\":\"ListItem\",\"position\":1,\"name\":\"In\u00edcio\",\"item\":\"https:\/\/lindosol.com\/fr\/\"},{\"@type\":\"ListItem\",\"position\":2,\"name\":\"STORES &#038; VOLETS\"}]},{\"@type\":\"WebSite\",\"@id\":\"https:\/\/lindosol.com\/fr\/#website\",\"url\":\"https:\/\/lindosol.com\/fr\/\",\"name\":\"Lindo Sol\",\"description\":\"estores e alum\u00ednios\",\"publisher\":{\"@id\":\"https:\/\/lindosol.com\/fr\/#organization\"},\"potentialAction\":[{\"@type\":\"SearchAction\",\"target\":{\"@type\":\"EntryPoint\",\"urlTemplate\":\"https:\/\/lindosol.com\/fr\/?s={search_term_string}\"},\"query-input\":{\"@type\":\"PropertyValueSpecification\",\"valueRequired\":true,\"valueName\":\"search_term_string\"}}],\"inLanguage\":\"pt-PT\"},{\"@type\":\"Organization\",\"@id\":\"https:\/\/lindosol.com\/fr\/#organization\",\"name\":\"Lindo Sol\",\"url\":\"https:\/\/lindosol.com\/fr\/\",\"logo\":{\"@type\":\"ImageObject\",\"inLanguage\":\"pt-PT\",\"@id\":\"https:\/\/lindosol.com\/fr\/#\/schema\/logo\/image\/\",\"url\":\"https:\/\/lindosol.com\/fr\/wp-content\/uploads\/2024\/05\/logotipo-final-fundo-branco-01.png\",\"contentUrl\":\"https:\/\/lindosol.com\/fr\/wp-content\/uploads\/2024\/05\/logotipo-final-fundo-branco-01.png\",\"width\":4500,\"height\":4500,\"caption\":\"Lindo Sol\"},\"image\":{\"@id\":\"https:\/\/lindosol.com\/fr\/#\/schema\/logo\/image\/\"}}]}<\/script>\n<!-- \/ Yoast SEO plugin. -->","yoast_head_json":{"title":"Stores et Volets - Lindo Sol","description":"Estores & Alum\u00ednios Lindo Sol est une entreprise de Penafiel, Portugal qui installe des Stores et Volets.","robots":{"index":"index","follow":"follow","max-snippet":"max-snippet:-1","max-image-preview":"max-image-preview:large","max-video-preview":"max-video-preview:-1"},"canonical":"https:\/\/lindosol.com\/fr\/stores-et-volets\/","og_locale":"pt_PT","og_type":"article","og_title":"Stores et Volets - Lindo Sol","og_description":"Estores & Alum\u00ednios Lindo Sol est une entreprise de Penafiel, Portugal qui installe des Stores et Volets.","og_url":"https:\/\/lindosol.com\/fr\/stores-et-volets\/","og_site_name":"Lindo Sol","article_modified_time":"2024-11-19T02:46:06+00:00","twitter_card":"summary_large_image","twitter_misc":{"Tempo estimado de leitura":"1 minuto"},"schema":{"@context":"https:\/\/schema.org","@graph":[{"@type":"WebPage","@id":"https:\/\/lindosol.com\/fr\/stores-et-volets\/","url":"https:\/\/lindosol.com\/fr\/stores-et-volets\/","name":"Stores et Volets - Lindo Sol","isPartOf":{"@id":"https:\/\/lindosol.com\/fr\/#website"},"datePublished":"2024-05-28T02:31:06+00:00","dateModified":"2024-11-19T02:46:06+00:00","description":"Estores & Alum\u00ednios Lindo Sol est une entreprise de Penafiel, Portugal qui installe des Stores et Volets.","breadcrumb":{"@id":"https:\/\/lindosol.com\/fr\/stores-et-volets\/#breadcrumb"},"inLanguage":"pt-PT","potentialAction":[{"@type":"ReadAction","target":["https:\/\/lindosol.com\/fr\/stores-et-volets\/"]}]},{"@type":"BreadcrumbList","@id":"https:\/\/lindosol.com\/fr\/stores-et-volets\/#breadcrumb","itemListElement":[{"@type":"ListItem","position":1,"name":"In\u00edcio","item":"https:\/\/lindosol.com\/fr\/"},{"@type":"ListItem","position":2,"name":"STORES &#038; VOLETS"}]},{"@type":"WebSite","@id":"https:\/\/lindosol.com\/fr\/#website","url":"https:\/\/lindosol.com\/fr\/","name":"Lindo Sol","description":"estores e alum\u00ednios","publisher":{"@id":"https:\/\/lindosol.com\/fr\/#organization"},"potentialAction":[{"@type":"SearchAction","target":{"@type":"EntryPoint","urlTemplate":"https:\/\/lindosol.com\/fr\/?s={search_term_string}"},"query-input":{"@type":"PropertyValueSpecification","valueRequired":true,"valueName":"search_term_string"}}],"inLanguage":"pt-PT"},{"@type":"Organization","@id":"https:\/\/lindosol.com\/fr\/#organization","name":"Lindo Sol","url":"https:\/\/lindosol.com\/fr\/","logo":{"@type":"ImageObject","inLanguage":"pt-PT","@id":"https:\/\/lindosol.com\/fr\/#\/schema\/logo\/image\/","url":"https:\/\/lindosol.com\/fr\/wp-content\/uploads\/2024\/05\/logotipo-final-fundo-branco-01.png","contentUrl":"https:\/\/lindosol.com\/fr\/wp-content\/uploads\/2024\/05\/logotipo-final-fundo-branco-01.png","width":4500,"height":4500,"caption":"Lindo Sol"},"image":{"@id":"https:\/\/lindosol.com\/fr\/#\/schema\/logo\/image\/"}}]}},"_links":{"self":[{"href":"https:\/\/lindosol.com\/fr\/wp-json\/wp\/v2\/pages\/1167","targetHints":{"allow":["GET"]}}],"collection":[{"href":"https:\/\/lindosol.com\/fr\/wp-json\/wp\/v2\/pages"}],"about":[{"href":"https:\/\/lindosol.com\/fr\/wp-json\/wp\/v2\/types\/page"}],"author":[{"embeddable":true,"href":"https:\/\/lindosol.com\/fr\/wp-json\/wp\/v2\/users\/1"}],"replies":[{"embeddable":true,"href":"https:\/\/lindosol.com\/fr\/wp-json\/wp\/v2\/comments?post=1167"}],"version-history":[{"count":0,"href":"https:\/\/lindosol.com\/fr\/wp-json\/wp\/v2\/pages\/1167\/revisions"}],"wp:attachment":[{"href":"https:\/\/lindosol.com\/fr\/wp-json\/wp\/v2\/media?parent=1167"}],"curies":[{"name":"wp","href":"https:\/\/api.w.org\/{rel}","templated":true}]}}